{"id":2,"date":"2019-04-07T18:10:40","date_gmt":"2019-04-07T18:10:40","guid":{"rendered":"https:\/\/www.corbeille-cadeaux.com\/?page_id=2"},"modified":"2019-04-07T18:18:07","modified_gmt":"2019-04-07T18:18:07","slug":"sample-page","status":"publish","type":"page","link":"https:\/\/www.corbeille-cadeaux.com\/","title":{"rendered":"Bienvenue sur le blog des id\u00e9es cadeaux en pagaille !"},"content":{"rendered":"\n<p>Bonjour ! Je suis Nathalie. J&rsquo;ai 29 ans et mon blog corbeille-cadeaux.com vous permettra certainement de trouver un cadeau int\u00e9ressant \u00e0 faire \u00e0 un proche.<br><\/p>\n\n\n\n<blockquote class=\"wp-block-quote is-layout-flow wp-block-quote-is-layout-flow\"><p>C&rsquo;est quoi ton histoire de \u00ab\u00a0corbeille\u00a0\u00bb ?<\/p><cite>M&rsquo;a dit un ami au sujet de ce blog&#8230;<\/cite><\/blockquote>\n\n\n\n<p>De toutes les id\u00e9es cadeaux que nous avons test\u00e9es ou recens\u00e9es, le cadeau pr\u00e9sent\u00e9 sous forme de corbeille ou panier me semblait un bon titre pour ce blog. Ce type de cadeau date un peu, et pourtant, un peu comme les fleurs, c&rsquo;est un cadeau ind\u00e9modable qui fera toujours plaisir car au m\u00eame titre qu&rsquo;un bouquet il s&rsquo;agit d&rsquo;une composition. Il est fort probable que beaucoup des id\u00e9es cadeaux que vous allez trouver sur mon blog fassent l&rsquo;\u00e9loge de corbeilles ou de panier cadeau. Personnellement j&rsquo;ai toujours aim\u00e9 \u00e7a et j&rsquo;aurai l&rsquo;occasion de pr\u00e9senter celles qu&rsquo;on m&rsquo;a d\u00e9j\u00e0 offertes.<\/p>\n","protected":false},"excerpt":{"rendered":"<p>Bonjour ! Je suis Nathalie. J&rsquo;ai 29 ans et mon blog corbeille-cadeaux.com vous permettra certainement de trouver un cadeau int\u00e9ressant \u00e0 faire \u00e0 un proche. C&rsquo;est quoi ton histoire de \u00ab\u00a0corbeille\u00a0\u00bb ? M&rsquo;a dit un ami au sujet de ce blog&#8230; De toutes les id\u00e9es cadeaux que nous avons test\u00e9es ou recens\u00e9es, le cadeau pr\u00e9sent\u00e9 &hellip; <a href=\"https:\/\/www.corbeille-cadeaux.com\/\" class=\"more-link\">Continuer la lecture<span class=\"screen-reader-text\"> de &laquo;&nbsp;Bienvenue sur le blog des id\u00e9es cadeaux en pagaille !&nbsp;&raquo;<\/span><\/a><\/p>\n","protected":false},"author":1,"featured_media":0,"parent":0,"menu_order":0,"comment_status":"closed","ping_status":"open","template":"","meta":{"footnotes":""},"class_list":["post-2","page","type-page","status-publish","hentry"],"yoast_head":"<!-- This site is optimized with the Yoast SEO plugin v25.8 - https:\/\/yoast.com\/wordpress\/plugins\/seo\/ -->\n<title>Bienvenue sur le blog des id\u00e9es cadeaux en pagaille ! - Le blog des id\u00e9es cadeaux sous toutes leurs formes !<\/title>\n<meta name=\"robots\" content=\"index, follow, max-snippet:-1, max-image-preview:large, max-video-preview:-1\" \/>\n<link rel=\"canonical\" href=\"https:\/\/www.corbeille-cadeaux.com\/\" \/>\n<meta property=\"og:locale\" content=\"fr_FR\" \/>\n<meta property=\"og:type\" content=\"article\" \/>\n<meta property=\"og:title\" content=\"Bienvenue sur le blog des id\u00e9es cadeaux en pagaille ! - Le blog des id\u00e9es cadeaux sous toutes leurs formes !\" \/>\n<meta property=\"og:description\" content=\"Bonjour ! Je suis Nathalie. J&rsquo;ai 29 ans et mon blog corbeille-cadeaux.com vous permettra certainement de trouver un cadeau int\u00e9ressant \u00e0 faire \u00e0 un proche. C&rsquo;est quoi ton histoire de \u00ab\u00a0corbeille\u00a0\u00bb ? M&rsquo;a dit un ami au sujet de ce blog&#8230; De toutes les id\u00e9es cadeaux que nous avons test\u00e9es ou recens\u00e9es, le cadeau pr\u00e9sent\u00e9 &hellip; Continuer la lecture de &laquo;&nbsp;Bienvenue sur le blog des id\u00e9es cadeaux en pagaille !&nbsp;&raquo;\" \/>\n<meta property=\"og:url\" content=\"https:\/\/www.corbeille-cadeaux.com\/\" \/>\n<meta property=\"og:site_name\" content=\"Le blog des id\u00e9es cadeaux sous toutes leurs formes !\" \/>\n<meta property=\"article:modified_time\" content=\"2019-04-07T18:18:07+00:00\" \/>\n<meta name=\"twitter:card\" content=\"summary_large_image\" \/>\n<meta name=\"twitter:label1\" content=\"Dur\u00e9e de lecture estim\u00e9e\" \/>\n\t<meta name=\"twitter:data1\" content=\"1 minute\" \/>\n<script type=\"application\/ld+json\" class=\"yoast-schema-graph\">{\"@context\":\"https:\/\/schema.org\",\"@graph\":[{\"@type\":\"WebPage\",\"@id\":\"https:\/\/www.corbeille-cadeaux.com\/\",\"url\":\"https:\/\/www.corbeille-cadeaux.com\/\",\"name\":\"Bienvenue sur le blog des id\u00e9es cadeaux en pagaille ! - Le blog des id\u00e9es cadeaux sous toutes leurs formes !\",\"isPartOf\":{\"@id\":\"https:\/\/www.corbeille-cadeaux.com\/#website\"},\"datePublished\":\"2019-04-07T18:10:40+00:00\",\"dateModified\":\"2019-04-07T18:18:07+00:00\",\"breadcrumb\":{\"@id\":\"https:\/\/www.corbeille-cadeaux.com\/#breadcrumb\"},\"inLanguage\":\"fr-FR\",\"potentialAction\":[{\"@type\":\"ReadAction\",\"target\":[\"https:\/\/www.corbeille-cadeaux.com\/\"]}]},{\"@type\":\"BreadcrumbList\",\"@id\":\"https:\/\/www.corbeille-cadeaux.com\/#breadcrumb\",\"itemListElement\":[{\"@type\":\"ListItem\",\"position\":1,\"name\":\"Home\",\"item\":\"https:\/\/www.corbeille-cadeaux.com\/\"},{\"@type\":\"ListItem\",\"position\":2,\"name\":\"Bienvenue sur le blog des id\u00e9es cadeaux en pagaille !\"}]},{\"@type\":\"WebSite\",\"@id\":\"https:\/\/www.corbeille-cadeaux.com\/#website\",\"url\":\"https:\/\/www.corbeille-cadeaux.com\/\",\"name\":\"Le blog des id\u00e9es cadeaux sous toutes leurs formes !\",\"description\":\"Mon but c&#039;est de donner des id\u00e9es, d\u00e9sol\u00e9 si le site est pas super beau &lt;3 !!\",\"potentialAction\":[{\"@type\":\"SearchAction\",\"target\":{\"@type\":\"EntryPoint\",\"urlTemplate\":\"https:\/\/www.corbeille-cadeaux.com\/?s={search_term_string}\"},\"query-input\":{\"@type\":\"PropertyValueSpecification\",\"valueRequired\":true,\"valueName\":\"search_term_string\"}}],\"inLanguage\":\"fr-FR\"}]}<\/script>\n<!-- \/ Yoast SEO plugin. -->","yoast_head_json":{"title":"Bienvenue sur le blog des id\u00e9es cadeaux en pagaille ! - Le blog des id\u00e9es cadeaux sous toutes leurs formes !","robots":{"index":"index","follow":"follow","max-snippet":"max-snippet:-1","max-image-preview":"max-image-preview:large","max-video-preview":"max-video-preview:-1"},"canonical":"https:\/\/www.corbeille-cadeaux.com\/","og_locale":"fr_FR","og_type":"article","og_title":"Bienvenue sur le blog des id\u00e9es cadeaux en pagaille ! - Le blog des id\u00e9es cadeaux sous toutes leurs formes !","og_description":"Bonjour ! Je suis Nathalie. J&rsquo;ai 29 ans et mon blog corbeille-cadeaux.com vous permettra certainement de trouver un cadeau int\u00e9ressant \u00e0 faire \u00e0 un proche. C&rsquo;est quoi ton histoire de \u00ab\u00a0corbeille\u00a0\u00bb ? M&rsquo;a dit un ami au sujet de ce blog&#8230; De toutes les id\u00e9es cadeaux que nous avons test\u00e9es ou recens\u00e9es, le cadeau pr\u00e9sent\u00e9 &hellip; Continuer la lecture de &laquo;&nbsp;Bienvenue sur le blog des id\u00e9es cadeaux en pagaille !&nbsp;&raquo;","og_url":"https:\/\/www.corbeille-cadeaux.com\/","og_site_name":"Le blog des id\u00e9es cadeaux sous toutes leurs formes !","article_modified_time":"2019-04-07T18:18:07+00:00","twitter_card":"summary_large_image","twitter_misc":{"Dur\u00e9e de lecture estim\u00e9e":"1 minute"},"schema":{"@context":"https:\/\/schema.org","@graph":[{"@type":"WebPage","@id":"https:\/\/www.corbeille-cadeaux.com\/","url":"https:\/\/www.corbeille-cadeaux.com\/","name":"Bienvenue sur le blog des id\u00e9es cadeaux en pagaille ! - Le blog des id\u00e9es cadeaux sous toutes leurs formes !","isPartOf":{"@id":"https:\/\/www.corbeille-cadeaux.com\/#website"},"datePublished":"2019-04-07T18:10:40+00:00","dateModified":"2019-04-07T18:18:07+00:00","breadcrumb":{"@id":"https:\/\/www.corbeille-cadeaux.com\/#breadcrumb"},"inLanguage":"fr-FR","potentialAction":[{"@type":"ReadAction","target":["https:\/\/www.corbeille-cadeaux.com\/"]}]},{"@type":"BreadcrumbList","@id":"https:\/\/www.corbeille-cadeaux.com\/#breadcrumb","itemListElement":[{"@type":"ListItem","position":1,"name":"Home","item":"https:\/\/www.corbeille-cadeaux.com\/"},{"@type":"ListItem","position":2,"name":"Bienvenue sur le blog des id\u00e9es cadeaux en pagaille !"}]},{"@type":"WebSite","@id":"https:\/\/www.corbeille-cadeaux.com\/#website","url":"https:\/\/www.corbeille-cadeaux.com\/","name":"Le blog des id\u00e9es cadeaux sous toutes leurs formes !","description":"Mon but c&#039;est de donner des id\u00e9es, d\u00e9sol\u00e9 si le site est pas super beau &lt;3 !!","potentialAction":[{"@type":"SearchAction","target":{"@type":"EntryPoint","urlTemplate":"https:\/\/www.corbeille-cadeaux.com\/?s={search_term_string}"},"query-input":{"@type":"PropertyValueSpecification","valueRequired":true,"valueName":"search_term_string"}}],"inLanguage":"fr-FR"}]}},"_links":{"self":[{"href":"https:\/\/www.corbeille-cadeaux.com\/index.php\/wp-json\/wp\/v2\/pages\/2","targetHints":{"allow":["GET"]}}],"collection":[{"href":"https:\/\/www.corbeille-cadeaux.com\/index.php\/wp-json\/wp\/v2\/pages"}],"about":[{"href":"https:\/\/www.corbeille-cadeaux.com\/index.php\/wp-json\/wp\/v2\/types\/page"}],"author":[{"embeddable":true,"href":"https:\/\/www.corbeille-cadeaux.com\/index.php\/wp-json\/wp\/v2\/users\/1"}],"replies":[{"embeddable":true,"href":"https:\/\/www.corbeille-cadeaux.com\/index.php\/wp-json\/wp\/v2\/comments?post=2"}],"version-history":[{"count":2,"href":"https:\/\/www.corbeille-cadeaux.com\/index.php\/wp-json\/wp\/v2\/pages\/2\/revisions"}],"predecessor-version":[{"id":10,"href":"https:\/\/www.corbeille-cadeaux.com\/index.php\/wp-json\/wp\/v2\/pages\/2\/revisions\/10"}],"wp:attachment":[{"href":"https:\/\/www.corbeille-cadeaux.com\/index.php\/wp-json\/wp\/v2\/media?parent=2"}],"curies":[{"name":"wp","href":"https:\/\/api.w.org\/{rel}","templated":true}]}}